{"id":881,"date":"2017-10-10T15:16:47","date_gmt":"2017-10-10T13:16:47","guid":{"rendered":"http:\/\/ftueaiwzu.preview.infomaniak.website\/?page_id=881"},"modified":"2023-09-19T10:18:54","modified_gmt":"2023-09-19T08:18:54","slug":"les","status":"publish","type":"page","link":"https:\/\/odp.design\/?page_id=881","title":{"rendered":"Les + de la r\u00e9dac"},"content":{"rendered":"\n<p><strong>LE POINT BIAGGI<\/strong><\/p>\n\n\n\n<div class=\"wp-block-media-text is-stacked-on-mobile is-vertically-aligned-top\"><figure class=\"wp-block-media-text__media\"><img loading=\"lazy\" decoding=\"async\" width=\"800\" height=\"600\" src=\"https:\/\/odp.design\/wp-content\/uploads\/2023\/09\/SAM-BARON.jpg\" alt=\"\" class=\"wp-image-2391 size-full\" srcset=\"https:\/\/odp.design\/wp-content\/uploads\/2023\/09\/SAM-BARON.jpg 800w, https:\/\/odp.design\/wp-content\/uploads\/2023\/09\/SAM-BARON-300x225.jpg 300w, https:\/\/odp.design\/wp-content\/uploads\/2023\/09\/SAM-BARON-768x576.jpg 768w\" sizes=\"auto, (max-width: 800px) 100vw, 800px\" \/><\/figure><div class=\"wp-block-media-text__content\">\n<p><strong>La d\u00e9marche design, entre projet et exp\u00e9rience<\/strong><\/p>\n\n\n\n<p>En Italie, tout est sujet et pr\u00e9texte au design. Y compris la XVIIIe \u00e9dition de la Biennale d&rsquo;architecture 2023 (18-05\/01-10) de Venise, o\u00f9 Berengo Studio &#8211; une r\u00e9f\u00e9rence internationale pour l&rsquo;art contemporain en verre &#8211; pr\u00e9sente une exposition de pi\u00e8ces uniques du designer Sam Baron \u00e0 l&rsquo;espace Berengo Collection, ancienne pharmacie du XVIe si\u00e8cle sur la place Saint-Marc.Pour la petite histoire, Berengo Studio, fond\u00e9 en 1989 par Adriano Berengo, promeut l&rsquo;utilisation innovante du verre comme mat\u00e9riau pour l&rsquo;art contemporain en ouvrant les portes de son four aux cr\u00e9ateurs, leur offrant un espace pour exp\u00e9rimenter et \u00ab&nbsp;<em>penser en verre&nbsp;<\/em>\u00bb.<\/p>\n\n\n\n<p>\u00ab&nbsp;Sacrum Unguentum&nbsp;\u00bb, de Sam Baron, transforme l&rsquo;espace de l\u2019apothicairerie en laboratoire et met en sc\u00e8ne une collection de pi\u00e8ces en verre &#8211; blanc, noir, or &#8211; qui incorporent des \u00e9l\u00e9ments floraux sculpturaux, avec des r\u00e9f\u00e9rences \u00e9vocatrices \u00e0 l&rsquo;histoire de la pharmacie du XVIe si\u00e8cle. Des vases et des coupes qui s\u2019invitent entre les diff\u00e9rents contenants historiques peuplant d\u00e9j\u00e0 les comptoirs, t\u00e9moins de la m\u00e9decine v\u00e9nitienne de l\u2019\u00e9poque, comme despoisons enseign\u00e9s alors comme un art.Si le designer porte un regard contemporain sur l&rsquo;art ancestral du verre, interrogeant l&rsquo;aspect d\u00e9coratif de sa production pour retrouver les d\u00e9tails ornementaux et les r\u00e9f\u00e9rences culturelles d&rsquo;un art ancien, il accomplit ainsi une immersion sc\u00e9nographique, qui laisse dire \u00e0 Adriano Berengo que \u00ab&nbsp;<em>le bon design, comme le bon art, renforce les sens et que cette installation \u2026 fait exactement cela &#8211; elle enflamme la curiosit\u00e9&nbsp;<\/em>\u00bb. &nbsp;Pour autant, dans sa d\u00e9marche, Sam Baron ne s\u2019arr\u00eate pas \u00e0 la porte de l\u2019officine. Onguents, poison, bien ou mal, beau, effrayant\u2026 le designer dans sa cr\u00e9ation unifi\u00e9e, incorpore toutes les dimensions du v\u00e9cu.C\u2019est pourquoi, l\u2019exp\u00e9rience d\u00e9sir\u00e9e d\u2019un design total vous transporte \u00e0 quelques encablures de l\u00e0, dans le bar de l\u2019H\u00f4tel St-Regis o\u00f9 des verres &#8211; r\u00e9duction de grands vases &#8211; en soie blanche de Murano et base dor\u00e9e, souffl\u00e9s par Maxime et Denis au Studio Berengo, attendent la potion du barman Facundo Gallegos, \u00e9labor\u00e9e express\u00e9ment pour le cocktail de vernissage.<\/p>\n\n\n\n<p>Bien s\u00fbr il n\u2019est pas permis de savoir si le breuvage tue ou rend plus fort\u2026 Venin et antidote s\u2019y m\u00ealent, occasionnant une marbrure en noir et blanc dans le pr\u00e9cieux calice qu\u2019il est possible de porter \u00e0 ses l\u00e8vres.&nbsp;<\/p>\n\n\n\n<p>La d\u00e9marche est tactique, qui enrichit la culture du r\u00e9sultat d\u2019une incitation \u00e0 l\u2019exp\u00e9rimentation. Le design, ici, ne pourrait se laisser r\u00e9duire \u00e0 un processus de conception rationnel sans perdre un peu de son \u00e2me\u2026&nbsp;&nbsp;<\/p>\n\n\n\n<p>Composition du cocktail&nbsp;Sacrum Unguentum* :<\/p>\n\n\n\n<ul class=\"wp-block-list\">\n<li>Aquavit<\/li>\n\n\n\n<li>Lait de riz (le venin)<\/li>\n\n\n\n<li>Soda \u00e0 l\u2019encre de seiche (l\u2019antidote)<\/li>\n\n\n\n<li>Cumin<\/li>\n\n\n\n<li>Cardamome<\/li>\n\n\n\n<li>Cannelle&nbsp;<\/li>\n<\/ul>\n\n\n\n<p>* cockail r\u00e9alis\u00e9 par des professionnels, ne tentez pas de le reproduire chez vous&nbsp;\ud83d\ude09<\/p>\n<\/div><\/div>\n\n\n<ul class=\"wp-block-latest-posts__list has-dates has-author wp-block-latest-posts\"><li><div class=\"wp-block-latest-posts__featured-image aligncenter\"><a href=\"https:\/\/odp.design\/?p=2264\" aria-label=\"Soixante ans d&rsquo;arts m\u00e9nagers\"><img loading=\"lazy\" decoding=\"async\" width=\"887\" height=\"247\" src=\"https:\/\/odp.design\/wp-content\/uploads\/2022\/09\/ODP650artsmenagers.jpg\" class=\"attachment-large size-large wp-post-image\" alt=\"\" style=\"\" srcset=\"https:\/\/odp.design\/wp-content\/uploads\/2022\/09\/ODP650artsmenagers.jpg 887w, https:\/\/odp.design\/wp-content\/uploads\/2022\/09\/ODP650artsmenagers-300x84.jpg 300w, https:\/\/odp.design\/wp-content\/uploads\/2022\/09\/ODP650artsmenagers-768x214.jpg 768w\" sizes=\"auto, (max-width: 887px) 100vw, 887px\" \/><\/a><\/div><a class=\"wp-block-latest-posts__post-title\" href=\"https:\/\/odp.design\/?p=2264\">Soixante ans d&rsquo;arts m\u00e9nagers<\/a><div class=\"wp-block-latest-posts__post-author\">par Sandra Biaggi<\/div><time datetime=\"2022-09-20T19:14:58+02:00\" class=\"wp-block-latest-posts__post-date\">septembre 20, 2022<\/time><div class=\"wp-block-latest-posts__post-excerpt\">Soixante\u00a0ans d&rsquo;arts m\u00e9nagers. L&rsquo;exposition \u00ab\u00a0Plateau volant, motolaveur, pur\u00e9e minute au Salon des arts m\u00e9nagers, 1923-1983\u00a0\u00bb,\u00a0aux Archives Nationales\u00a0se concentre sur la fabrique du salon des Arts M\u00e9nagers et sur la culture visuelle qui en r\u00e9sulte.Le Salon des arts m\u00e9nagers a drain\u00e9 pendant soixante\u2026 <a class=\"wp-block-latest-posts__read-more\" href=\"https:\/\/odp.design\/?p=2264\" rel=\"noopener noreferrer\">Lire la suite<span class=\"screen-reader-text\">\u00a0: Soixante ans d&rsquo;arts m\u00e9nagers<\/span><\/a><\/div><\/li>\n<li><div class=\"wp-block-latest-posts__featured-image aligncenter\"><a href=\"https:\/\/odp.design\/?p=2211\" aria-label=\"Durable \u00c9l\u00e9gance, ou l&rsquo;upcycling by Lacoste\"><img loading=\"lazy\" decoding=\"async\" width=\"887\" height=\"247\" src=\"https:\/\/odp.design\/wp-content\/uploads\/2022\/06\/lacoste.jpg\" class=\"attachment-large size-large wp-post-image\" alt=\"\" style=\"\" srcset=\"https:\/\/odp.design\/wp-content\/uploads\/2022\/06\/lacoste.jpg 887w, https:\/\/odp.design\/wp-content\/uploads\/2022\/06\/lacoste-300x84.jpg 300w, https:\/\/odp.design\/wp-content\/uploads\/2022\/06\/lacoste-768x214.jpg 768w\" sizes=\"auto, (max-width: 887px) 100vw, 887px\" \/><\/a><\/div><a class=\"wp-block-latest-posts__post-title\" href=\"https:\/\/odp.design\/?p=2211\">Durable \u00c9l\u00e9gance, ou l&rsquo;upcycling by Lacoste<\/a><div class=\"wp-block-latest-posts__post-author\">par Sandra Biaggi<\/div><time datetime=\"2022-06-04T21:39:11+02:00\" class=\"wp-block-latest-posts__post-date\">juin 4, 2022<\/time><div class=\"wp-block-latest-posts__post-excerpt\">Vendredi dernier, Lacoste inaugurait son tout nouveau terrain de jeu sur les Champs-\u00c9lys\u00e9es, le Lacoste Arena. Un \u00e9crin \u00e0 son image, avec l&rsquo;objectif de mettre en lumi\u00e8re ses multiples facettes, de la mode pointue au sport technique, en passant par le streetwear.\u2026 <a class=\"wp-block-latest-posts__read-more\" href=\"https:\/\/odp.design\/?p=2211\" rel=\"noopener noreferrer\">Lire la suite<span class=\"screen-reader-text\">\u00a0: Durable \u00c9l\u00e9gance, ou l&rsquo;upcycling by Lacoste<\/span><\/a><\/div><\/li>\n<li><div class=\"wp-block-latest-posts__featured-image aligncenter\"><a href=\"https:\/\/odp.design\/?p=2208\" aria-label=\"Bap! 2019 \u00ab Terre et Villes \u00bb.\"><img loading=\"lazy\" decoding=\"async\" width=\"887\" height=\"247\" src=\"https:\/\/odp.design\/wp-content\/uploads\/2022\/06\/bap.jpg\" class=\"attachment-large size-large wp-post-image\" alt=\"\" style=\"\" srcset=\"https:\/\/odp.design\/wp-content\/uploads\/2022\/06\/bap.jpg 887w, https:\/\/odp.design\/wp-content\/uploads\/2022\/06\/bap-300x84.jpg 300w, https:\/\/odp.design\/wp-content\/uploads\/2022\/06\/bap-768x214.jpg 768w\" sizes=\"auto, (max-width: 887px) 100vw, 887px\" \/><\/a><\/div><a class=\"wp-block-latest-posts__post-title\" href=\"https:\/\/odp.design\/?p=2208\">Bap! 2019 \u00ab Terre et Villes \u00bb.<\/a><div class=\"wp-block-latest-posts__post-author\">par Sandra Biaggi<\/div><time datetime=\"2022-05-10T21:35:02+02:00\" class=\"wp-block-latest-posts__post-date\">mai 10, 2022<\/time><div class=\"wp-block-latest-posts__post-excerpt\">Apr\u00e8s \u00ab L\u2019homme, la nature et la ville \u00bb th\u00e8me de la Bap! 2019, la R\u00e9gion Ile-de-France pour\u00adsuit cette ann\u00e9e sa r\u00e9flexion avec \u00ab Terre et Villes \u00bb. Le lien entre terre et villes y est envisag\u00e9 sous toutes ses formes :\u2026 <a class=\"wp-block-latest-posts__read-more\" href=\"https:\/\/odp.design\/?p=2208\" rel=\"noopener noreferrer\">Lire la suite<span class=\"screen-reader-text\">\u00a0: Bap! 2019 \u00ab Terre et Villes \u00bb.<\/span><\/a><\/div><\/li>\n<li><div class=\"wp-block-latest-posts__featured-image aligncenter\"><a href=\"https:\/\/odp.design\/?p=2205\" aria-label=\"Aeron\u00a0\u00a0Chair, la chaise qui recycle les\u00a0d\u00e9chets plastiques !\"><img loading=\"lazy\" decoding=\"async\" width=\"887\" height=\"247\" src=\"https:\/\/odp.design\/wp-content\/uploads\/2022\/06\/aeronchair.jpg\" class=\"attachment-large size-large wp-post-image\" alt=\"\" style=\"\" srcset=\"https:\/\/odp.design\/wp-content\/uploads\/2022\/06\/aeronchair.jpg 887w, https:\/\/odp.design\/wp-content\/uploads\/2022\/06\/aeronchair-300x84.jpg 300w, https:\/\/odp.design\/wp-content\/uploads\/2022\/06\/aeronchair-768x214.jpg 768w\" sizes=\"auto, (max-width: 887px) 100vw, 887px\" \/><\/a><\/div><a class=\"wp-block-latest-posts__post-title\" href=\"https:\/\/odp.design\/?p=2205\">Aeron\u00a0\u00a0Chair, la chaise qui recycle les\u00a0d\u00e9chets plastiques !<\/a><div class=\"wp-block-latest-posts__post-author\">par Sandra Biaggi<\/div><time datetime=\"2022-04-12T21:31:07+02:00\" class=\"wp-block-latest-posts__post-date\">avril 12, 2022<\/time><div class=\"wp-block-latest-posts__post-excerpt\">Le groupe Herman Miller a annonc\u00e9 que l&rsquo;ensemble de la collection de chaises Aeron contiendrait du plastique que l&rsquo;on nomme plastique oc\u00e9anique &#8211; parce que provenant des d\u00e9chets plastiques rejet\u00e9s dans l&rsquo;oc\u00e9an &#8211; y compris pour sa nouvelle version couleur, Onyx Ultra\u2026 <a class=\"wp-block-latest-posts__read-more\" href=\"https:\/\/odp.design\/?p=2205\" rel=\"noopener noreferrer\">Lire la suite<span class=\"screen-reader-text\">\u00a0: Aeron\u00a0\u00a0Chair, la chaise qui recycle les\u00a0d\u00e9chets plastiques !<\/span><\/a><\/div><\/li>\n<li><div class=\"wp-block-latest-posts__featured-image aligncenter\"><a href=\"https:\/\/odp.design\/?p=2202\" aria-label=\"Zinzin,\u00a0\u00a0le Dyson\u00a0Zone&#x2122;\u00a0?\"><img loading=\"lazy\" decoding=\"async\" width=\"887\" height=\"247\" src=\"https:\/\/odp.design\/wp-content\/uploads\/2022\/06\/dyson.jpg\" class=\"attachment-large size-large wp-post-image\" alt=\"\" style=\"\" srcset=\"https:\/\/odp.design\/wp-content\/uploads\/2022\/06\/dyson.jpg 887w, https:\/\/odp.design\/wp-content\/uploads\/2022\/06\/dyson-300x84.jpg 300w, https:\/\/odp.design\/wp-content\/uploads\/2022\/06\/dyson-768x214.jpg 768w\" sizes=\"auto, (max-width: 887px) 100vw, 887px\" \/><\/a><\/div><a class=\"wp-block-latest-posts__post-title\" href=\"https:\/\/odp.design\/?p=2202\">Zinzin,\u00a0\u00a0le Dyson\u00a0Zone&#x2122;\u00a0?<\/a><div class=\"wp-block-latest-posts__post-author\">par Sandra Biaggi<\/div><time datetime=\"2022-04-05T20:52:09+02:00\" class=\"wp-block-latest-posts__post-date\">avril 5, 2022<\/time><div class=\"wp-block-latest-posts__post-excerpt\">C&rsquo;est lors du&nbsp;lancement de la Lightcycle MorphTM &#8211; une technologie \u00e0 la pointe de l&rsquo;innovation &#8211; \u00e0 Paris en f\u00e9vrier&nbsp;2020, qu&rsquo;un ing\u00e9nieur de Dyson nous avait fait cette confidence : James avait l\u00e2ch\u00e9 les recherches sur les voitures autonomes pour s&rsquo;attaquer \u00e0\u2026 <a class=\"wp-block-latest-posts__read-more\" href=\"https:\/\/odp.design\/?p=2202\" rel=\"noopener noreferrer\">Lire la suite<span class=\"screen-reader-text\">\u00a0: Zinzin,\u00a0\u00a0le Dyson\u00a0Zone&#x2122;\u00a0?<\/span><\/a><\/div><\/li>\n<li><div class=\"wp-block-latest-posts__featured-image aligncenter\"><a href=\"https:\/\/odp.design\/?p=2199\" aria-label=\"Le potentiel des profils cr\u00e9atifs\"><img loading=\"lazy\" decoding=\"async\" width=\"887\" height=\"247\" src=\"https:\/\/odp.design\/wp-content\/uploads\/2022\/06\/crayons.jpg\" class=\"attachment-large size-large wp-post-image\" alt=\"\" style=\"\" srcset=\"https:\/\/odp.design\/wp-content\/uploads\/2022\/06\/crayons.jpg 887w, https:\/\/odp.design\/wp-content\/uploads\/2022\/06\/crayons-300x84.jpg 300w, https:\/\/odp.design\/wp-content\/uploads\/2022\/06\/crayons-768x214.jpg 768w\" sizes=\"auto, (max-width: 887px) 100vw, 887px\" \/><\/a><\/div><a class=\"wp-block-latest-posts__post-title\" href=\"https:\/\/odp.design\/?p=2199\">Le potentiel des profils cr\u00e9atifs<\/a><div class=\"wp-block-latest-posts__post-author\">par Sandra Biaggi<\/div><time datetime=\"2022-03-29T20:49:29+02:00\" class=\"wp-block-latest-posts__post-date\">mars 29, 2022<\/time><div class=\"wp-block-latest-posts__post-excerpt\">Les\u00a0profils cr\u00e9atifs\u00a0ont un potentiel qui d\u00e9passe largement les secteurs ou les finalit\u00e9s auxquels ils sont bien souvent assign\u00e9s. L&rsquo;homog\u00e9n\u00e9it\u00e9 des profils promus aux responsabilit\u00e9s reproduit les sch\u00e9mas de pens\u00e9e d\u00e9j\u00e0 connus. Et si les soci\u00e9t\u00e9s font des efforts pour distiller une culture\u2026 <a class=\"wp-block-latest-posts__read-more\" href=\"https:\/\/odp.design\/?p=2199\" rel=\"noopener noreferrer\">Lire la suite<span class=\"screen-reader-text\">\u00a0: Le potentiel des profils cr\u00e9atifs<\/span><\/a><\/div><\/li>\n<li><div class=\"wp-block-latest-posts__featured-image aligncenter\"><a href=\"https:\/\/odp.design\/?p=2187\" aria-label=\"C\u00e9ramique\u00a0et\u00a0artisanat ukrainiens\"><img loading=\"lazy\" decoding=\"async\" width=\"887\" height=\"247\" src=\"https:\/\/odp.design\/wp-content\/uploads\/2022\/06\/ukrainiandesign.jpg\" class=\"attachment-large size-large wp-post-image\" alt=\"\" style=\"\" srcset=\"https:\/\/odp.design\/wp-content\/uploads\/2022\/06\/ukrainiandesign.jpg 887w, https:\/\/odp.design\/wp-content\/uploads\/2022\/06\/ukrainiandesign-300x84.jpg 300w, https:\/\/odp.design\/wp-content\/uploads\/2022\/06\/ukrainiandesign-768x214.jpg 768w\" sizes=\"auto, (max-width: 887px) 100vw, 887px\" \/><\/a><\/div><a class=\"wp-block-latest-posts__post-title\" href=\"https:\/\/odp.design\/?p=2187\">C\u00e9ramique\u00a0et\u00a0artisanat ukrainiens<\/a><div class=\"wp-block-latest-posts__post-author\">par Sandra Biaggi<\/div><time datetime=\"2022-03-22T20:37:36+01:00\" class=\"wp-block-latest-posts__post-date\">mars 22, 2022<\/time><div class=\"wp-block-latest-posts__post-excerpt\">\u00ab&nbsp;Aujourd&rsquo;hui, l&rsquo;Ukraine a surpris le monde entier : avec un courage impr\u00e9visible, une r\u00e9sistance insens\u00e9e et le d\u00e9sir de Libert\u00e9, qui, pour chacun de nous, est&nbsp;synonyme de Vie. Cependant, lorsque nous avons pr\u00e9par\u00e9 ce projet, nous voulions \u00e9galement vous surprendre. Mais avec\u2026 <a class=\"wp-block-latest-posts__read-more\" href=\"https:\/\/odp.design\/?p=2187\" rel=\"noopener noreferrer\">Lire la suite<span class=\"screen-reader-text\">\u00a0: C\u00e9ramique\u00a0et\u00a0artisanat ukrainiens<\/span><\/a><\/div><\/li>\n<li><div class=\"wp-block-latest-posts__featured-image aligncenter\"><a href=\"https:\/\/odp.design\/?p=2184\" aria-label=\"Crime\u00a0et\u00a0b\u00e2timent, l&rsquo;assassin \u00e9tait architecte\"><img loading=\"lazy\" decoding=\"async\" width=\"887\" height=\"247\" src=\"https:\/\/odp.design\/wp-content\/uploads\/2022\/06\/crimebatiment.jpg\" class=\"attachment-large size-large wp-post-image\" alt=\"\" style=\"\" srcset=\"https:\/\/odp.design\/wp-content\/uploads\/2022\/06\/crimebatiment.jpg 887w, https:\/\/odp.design\/wp-content\/uploads\/2022\/06\/crimebatiment-300x84.jpg 300w, https:\/\/odp.design\/wp-content\/uploads\/2022\/06\/crimebatiment-768x214.jpg 768w\" sizes=\"auto, (max-width: 887px) 100vw, 887px\" \/><\/a><\/div><a class=\"wp-block-latest-posts__post-title\" href=\"https:\/\/odp.design\/?p=2184\">Crime\u00a0et\u00a0b\u00e2timent, l&rsquo;assassin \u00e9tait architecte<\/a><div class=\"wp-block-latest-posts__post-author\">par Sandra Biaggi<\/div><time datetime=\"2022-03-15T20:33:03+01:00\" class=\"wp-block-latest-posts__post-date\">mars 15, 2022<\/time><div class=\"wp-block-latest-posts__post-excerpt\">L&rsquo;affaire jug\u00e9e ce 11 mars 2022 \u00e0 Paris, en audience publique, par&nbsp;la Chambre nationale de discipline&nbsp;(CND) du Conseil national de l\u2019Ordre des architectes (Cnoa) est, \u00e0 bien des \u00e9gards, exceptionnelle\u2026 Cet architecte reconnu, ancien pensionnaire de l&rsquo;Acad\u00e9mie de France \u00e0 Rome, longtemps\u2026 <a class=\"wp-block-latest-posts__read-more\" href=\"https:\/\/odp.design\/?p=2184\" rel=\"noopener noreferrer\">Lire la suite<span class=\"screen-reader-text\">\u00a0: Crime\u00a0et\u00a0b\u00e2timent, l&rsquo;assassin \u00e9tait architecte<\/span><\/a><\/div><\/li>\n<li><div class=\"wp-block-latest-posts__featured-image aligncenter\"><a href=\"https:\/\/odp.design\/?p=1408\" aria-label=\"Exposition R\u00e9volutions Xenakis\"><img loading=\"lazy\" decoding=\"async\" width=\"960\" height=\"720\" src=\"https:\/\/odp.design\/wp-content\/uploads\/2017\/07\/10295783_1732301840337564_1727894965958067069_n.jpg\" class=\"attachment-large size-large wp-post-image\" alt=\"\" style=\"\" srcset=\"https:\/\/odp.design\/wp-content\/uploads\/2017\/07\/10295783_1732301840337564_1727894965958067069_n.jpg 960w, https:\/\/odp.design\/wp-content\/uploads\/2017\/07\/10295783_1732301840337564_1727894965958067069_n-300x225.jpg 300w, https:\/\/odp.design\/wp-content\/uploads\/2017\/07\/10295783_1732301840337564_1727894965958067069_n-768x576.jpg 768w\" sizes=\"auto, (max-width: 960px) 100vw, 960px\" \/><\/a><\/div><a class=\"wp-block-latest-posts__post-title\" href=\"https:\/\/odp.design\/?p=1408\">Exposition R\u00e9volutions Xenakis<\/a><div class=\"wp-block-latest-posts__post-author\">par Sandra Biaggi<\/div><time datetime=\"2022-02-14T11:22:05+01:00\" class=\"wp-block-latest-posts__post-date\">f\u00e9vrier 14, 2022<\/time><div class=\"wp-block-latest-posts__post-excerpt\">Musique, architecture, et gros moteurs du design C&rsquo;est \u00e0 la Philharmonie que nous vous recommandons la premi\u00e8re visite.&nbsp;\u00c0 l&rsquo;occasion du centenaire de la naissance du compositeur Iannis Xenakis,&nbsp;l&rsquo;exposition&nbsp;R\u00e9volutions Xenakis&nbsp;c\u00e9l\u00e8bre les nombreuses facettes de l&rsquo;un des artistes les plus f\u00e9conds de la seconde\u2026 <a class=\"wp-block-latest-posts__read-more\" href=\"https:\/\/odp.design\/?p=1408\" rel=\"noopener noreferrer\">Lire la suite<span class=\"screen-reader-text\">\u00a0: Exposition R\u00e9volutions Xenakis<\/span><\/a><\/div><\/li>\n<li><div class=\"wp-block-latest-posts__featured-image aligncenter\"><a href=\"https:\/\/odp.design\/?p=2071\" aria-label=\"Prix aux laur\u00e9ats French Design 100\"><img loading=\"lazy\" decoding=\"async\" width=\"1024\" height=\"751\" src=\"https:\/\/odp.design\/wp-content\/uploads\/2022\/02\/french-design--1024x751.jpg\" class=\"attachment-large size-large wp-post-image\" alt=\"\" style=\"\" srcset=\"https:\/\/odp.design\/wp-content\/uploads\/2022\/02\/french-design--1024x751.jpg 1024w, https:\/\/odp.design\/wp-content\/uploads\/2022\/02\/french-design--300x220.jpg 300w, https:\/\/odp.design\/wp-content\/uploads\/2022\/02\/french-design--768x563.jpg 768w, https:\/\/odp.design\/wp-content\/uploads\/2022\/02\/french-design--1536x1126.jpg 1536w, https:\/\/odp.design\/wp-content\/uploads\/2022\/02\/french-design-.jpg 1735w\" sizes=\"auto, (max-width: 1024px) 100vw, 1024px\" \/><\/a><\/div><a class=\"wp-block-latest-posts__post-title\" href=\"https:\/\/odp.design\/?p=2071\">Prix aux laur\u00e9ats French Design 100<\/a><div class=\"wp-block-latest-posts__post-author\">par Sandra Biaggi<\/div><time datetime=\"2022-01-24T18:54:00+01:00\" class=\"wp-block-latest-posts__post-date\">janvier 24, 2022<\/time><div class=\"wp-block-latest-posts__post-excerpt\">Extrait\u00a0de l&rsquo;annonce et remise des Prix aux laur\u00e9ats French Design 100Palais de l\u2019\u00c9lys\u00e9e, le jeudi 20 janvier 2022 Tout a \u00e9t\u00e9 dit. Par d\u00e9finition ne sont invit\u00e9s que les membres du jury et les prim\u00e9s, donc il n\u2019y a plus aucun suspens.\u2026 <a class=\"wp-block-latest-posts__read-more\" href=\"https:\/\/odp.design\/?p=2071\" rel=\"noopener noreferrer\">Lire la suite<span class=\"screen-reader-text\">\u00a0: Prix aux laur\u00e9ats French Design 100<\/span><\/a><\/div><\/li>\n<\/ul>\n\n\n<h2 class=\"wp-block-heading\"><\/h2>\n","protected":false},"excerpt":{"rendered":"<p>LE POINT BIAGGI<\/p>\n","protected":false},"author":3,"featured_media":0,"parent":0,"menu_order":0,"comment_status":"closed","ping_status":"closed","template":"","meta":{"footnotes":""},"class_list":["post-881","page","type-page","status-publish","hentry"],"_links":{"self":[{"href":"https:\/\/odp.design\/index.php?rest_route=\/wp\/v2\/pages\/881","targetHints":{"allow":["GET"]}}],"collection":[{"href":"https:\/\/odp.design\/index.php?rest_route=\/wp\/v2\/pages"}],"about":[{"href":"https:\/\/odp.design\/index.php?rest_route=\/wp\/v2\/types\/page"}],"author":[{"embeddable":true,"href":"https:\/\/odp.design\/index.php?rest_route=\/wp\/v2\/users\/3"}],"replies":[{"embeddable":true,"href":"https:\/\/odp.design\/index.php?rest_route=%2Fwp%2Fv2%2Fcomments&post=881"}],"version-history":[{"count":141,"href":"https:\/\/odp.design\/index.php?rest_route=\/wp\/v2\/pages\/881\/revisions"}],"predecessor-version":[{"id":2392,"href":"https:\/\/odp.design\/index.php?rest_route=\/wp\/v2\/pages\/881\/revisions\/2392"}],"wp:attachment":[{"href":"https:\/\/odp.design\/index.php?rest_route=%2Fwp%2Fv2%2Fmedia&parent=881"}],"curies":[{"name":"wp","href":"https:\/\/api.w.org\/{rel}","templated":true}]}}