{"id":859,"date":"2017-09-05T04:08:57","date_gmt":"2017-09-05T02:08:57","guid":{"rendered":"http:\/\/ftueaiwzu.preview.infomaniak.website\/?page_id=859"},"modified":"2022-02-26T13:42:26","modified_gmt":"2022-02-26T12:42:26","slug":"859-2","status":"publish","type":"page","link":"https:\/\/odp.design\/?page_id=859","title":{"rendered":""},"content":{"rendered":"<h4>Mentions l\u00e9gales<\/h4>\n<p>The ODP Letter &#8211; La newsletter des sorties design est une newsletter qui traite plus particuli\u00e8rement des \u00e9v\u00e8nements du design \u00e0 Paris et en r\u00e9gion parisienne.<\/p>\n<ul>\n<li>Directeur de la publication Sandra Biaggi<\/li>\n<li><a href=\"mailto:contact@odp.design\">contact@odp.design<\/a><\/li>\n<\/ul>\n<p>Conform\u00e9ment \u00e0 la Loi \u00ab\u00a0Informatique et Libert\u00e9s\u00a0\u00bb n\u00b0 78-17 du 6 janvier 1978, les informations vous concernant sont destin\u00e9es \u00e0 la SARL Design fax, responsable du traitement. Vous disposez d&rsquo;un droit d&rsquo;acc\u00e8s, de rectification et de suppression des donn\u00e9es qui vous concernent. Vous pouvez l&rsquo;exercer en adressant un e-mail \u00e0 l&rsquo;adresse \u00e9lectronique contact@odp.design.<\/p>\n<p>En cas de rectification, une copie des informations telles que rectifi\u00e9es sera communiqu\u00e9e \u00e0 l&rsquo;int\u00e9ress\u00e9 par voie \u00e9lectronique ou par courrier. Les informations fournies seront exploit\u00e9es de mani\u00e8re anonyme et non nominatives \u00e0 des fins d&rsquo;analyse et de statistique.<\/p>\n<p>En vous connectant \u00e0 ce site, vous acc\u00e9dez \u00e0 un contenu prot\u00e9g\u00e9 par la loi, notamment par les dispositions du Code de la propri\u00e9t\u00e9 intellectuelle. L&rsquo;\u00e9diteur n&rsquo;autorise qu&rsquo;un usage strictement personnel des donn\u00e9es, informations ou contenus auxquels vous acc\u00e9dez, limit\u00e9 \u00e0 un enregistrement temporaire sur votre ordinateur aux fins d&rsquo;affichage sur un seul \u00e9cran ainsi que la reproduction, en un unique exemplaire, pour copie de sauvegarde ou impression sur papier. Toute autre utilisation est soumise \u00e0 notre autorisation expresse pr\u00e9alable. En poursuivant votre visite de notre site vous acceptez de respecter les restrictions ci-dessus.<\/p>\n<p>Pour toute information, question ou conseil, le service abonn\u00e9 de The ODP Letter peut \u00eatre contact\u00e9 par courriel \u00e0 contact@odp.design.<\/p>\n<p>Le site The ODP Letter est h\u00e9berg\u00e9 par la soci\u00e9t\u00e9 INFOMANIAK SA, 26 avenue de la Praille, 1227 Carouge, Gen\u00e8ve, Suisse.<\/p>\n","protected":false},"excerpt":{"rendered":"<p>Mentions l\u00e9gales The ODP Letter &#8211; La newsletter des sorties design est une newsletter qui traite plus particuli\u00e8rement des \u00e9v\u00e8nements du design \u00e0 Paris et en r\u00e9gion parisienne. Directeur de la publication Sandra Biaggi contact@odp.design Conform\u00e9ment \u00e0 la Loi \u00ab\u00a0Informatique et Libert\u00e9s\u00a0\u00bb n\u00b0 78-17 du 6 janvier 1978, les informations vous concernant sont destin\u00e9es \u00e0 [&hellip;]<\/p>\n","protected":false},"author":3,"featured_media":0,"parent":0,"menu_order":0,"comment_status":"closed","ping_status":"closed","template":"","meta":{"footnotes":""},"class_list":["post-859","page","type-page","status-publish","hentry"],"_links":{"self":[{"href":"https:\/\/odp.design\/index.php?rest_route=\/wp\/v2\/pages\/859","targetHints":{"allow":["GET"]}}],"collection":[{"href":"https:\/\/odp.design\/index.php?rest_route=\/wp\/v2\/pages"}],"about":[{"href":"https:\/\/odp.design\/index.php?rest_route=\/wp\/v2\/types\/page"}],"author":[{"embeddable":true,"href":"https:\/\/odp.design\/index.php?rest_route=\/wp\/v2\/users\/3"}],"replies":[{"embeddable":true,"href":"https:\/\/odp.design\/index.php?rest_route=%2Fwp%2Fv2%2Fcomments&post=859"}],"version-history":[{"count":7,"href":"https:\/\/odp.design\/index.php?rest_route=\/wp\/v2\/pages\/859\/revisions"}],"predecessor-version":[{"id":2113,"href":"https:\/\/odp.design\/index.php?rest_route=\/wp\/v2\/pages\/859\/revisions\/2113"}],"wp:attachment":[{"href":"https:\/\/odp.design\/index.php?rest_route=%2Fwp%2Fv2%2Fmedia&parent=859"}],"curies":[{"name":"wp","href":"https:\/\/api.w.org\/{rel}","templated":true}]}}