{"id":663,"date":"2017-07-19T13:38:55","date_gmt":"2017-07-19T13:38:55","guid":{"rendered":"http:\/\/odp.abalone-studio.Fr\/?page_id=663"},"modified":"2022-09-06T14:42:45","modified_gmt":"2022-09-06T12:42:45","slug":"sabonner","status":"publish","type":"page","link":"https:\/\/odp.design\/?page_id=663","title":{"rendered":"S&rsquo;abonner"},"content":{"rendered":"\n<iframe loading=\"lazy\" width=\"840\" height=\"305\" style=\"height:800px;text-align:center\" src=\"https:\/\/ba91af47.sibforms.com\/serve\/MUIEAOFaCErzZbIcT88IZ_JboZ3aMoEH8DgeDZF8HXZZ26rJYF2RYHvAXK9ho3n26zP5sAbqWtQ0K7L1ZPXIcxZ-2Mkle1_SwWE8412UMtj2oqVENdZLaTFpULOE2DyTV15xlSl_S3uSrjX73-W179W6sb0PXj2F4lkRL2uwPOYGWNMI5uaxcNxqtb_JkKTKcIAIoqp8lPKEtLsa\" frameborder=\"0\" scrolling=\"auto\" allowfullscreen style=\"display: block;margin-left: auto;margin-right: auto;max-width: 100%;min-height:800px !important; \"><\/iframe>\n\n\n\n<p class=\"has-text-align-center\"><a href=\"mailto:contact@odpletter.com\"><br><\/a><strong>Directrice de la publication<\/strong><br>Sandra Biaggi<\/p>\n\n\n\n<p class=\"has-text-align-center\"><strong>R\u00e9dactrice en chef<\/strong><br>Sandra Biaggi<\/p>\n\n\n\n<p class=\"has-text-align-center\">Nous \u00e9crire :<br><a href=\"mailto:contact@odp.design\">contact@odp.design<\/a><\/p>\n\n\n\n<p class=\"has-text-align-center\"><br>Rejoignez-nous sur Facebook et Instagram :<br>@theodpletter<\/p>\n\n\n\n<p class=\"has-text-align-center\"><a href=\"http:\/\/odp.design\/?page_id=859\">Mentions l\u00e9gales<\/a><\/p>\n","protected":false},"excerpt":{"rendered":"<p>Directrice de la publicationSandra Biaggi R\u00e9dactrice en chefSandra Biaggi Nous \u00e9crire :contact@odp.design Rejoignez-nous sur Facebook et Instagram :@theodpletter Mentions l\u00e9gales<\/p>\n","protected":false},"author":3,"featured_media":0,"parent":0,"menu_order":0,"comment_status":"closed","ping_status":"closed","template":"","meta":{"footnotes":""},"class_list":["post-663","page","type-page","status-publish","hentry"],"_links":{"self":[{"href":"https:\/\/odp.design\/index.php?rest_route=\/wp\/v2\/pages\/663","targetHints":{"allow":["GET"]}}],"collection":[{"href":"https:\/\/odp.design\/index.php?rest_route=\/wp\/v2\/pages"}],"about":[{"href":"https:\/\/odp.design\/index.php?rest_route=\/wp\/v2\/types\/page"}],"author":[{"embeddable":true,"href":"https:\/\/odp.design\/index.php?rest_route=\/wp\/v2\/users\/3"}],"replies":[{"embeddable":true,"href":"https:\/\/odp.design\/index.php?rest_route=%2Fwp%2Fv2%2Fcomments&post=663"}],"version-history":[{"count":69,"href":"https:\/\/odp.design\/index.php?rest_route=\/wp\/v2\/pages\/663\/revisions"}],"predecessor-version":[{"id":2258,"href":"https:\/\/odp.design\/index.php?rest_route=\/wp\/v2\/pages\/663\/revisions\/2258"}],"wp:attachment":[{"href":"https:\/\/odp.design\/index.php?rest_route=%2Fwp%2Fv2%2Fmedia&parent=663"}],"curies":[{"name":"wp","href":"https:\/\/api.w.org\/{rel}","templated":true}]}}