{"id":641,"date":"2017-07-19T12:45:34","date_gmt":"2017-07-19T10:45:34","guid":{"rendered":"http:\/\/odp.abalone-studio.Fr\/?page_id=641"},"modified":"2024-09-10T13:17:38","modified_gmt":"2024-09-10T11:17:38","slug":"odphome","status":"publish","type":"page","link":"https:\/\/odp.design\/","title":{"rendered":"Bienvenue sur l&rsquo;ODP, Observatoire Design Paris !"},"content":{"rendered":"\n<p><\/p>\n\n\n\n<figure class=\"wp-block-image size-large\"><img loading=\"lazy\" decoding=\"async\" width=\"1024\" height=\"235\" src=\"https:\/\/odp.design\/wp-content\/uploads\/2024\/09\/bloc-OPD-titre-site-1-1024x235.jpg\" alt=\"\" class=\"wp-image-2553\" srcset=\"https:\/\/odp.design\/wp-content\/uploads\/2024\/09\/bloc-OPD-titre-site-1-1024x235.jpg 1024w, https:\/\/odp.design\/wp-content\/uploads\/2024\/09\/bloc-OPD-titre-site-1-300x69.jpg 300w, https:\/\/odp.design\/wp-content\/uploads\/2024\/09\/bloc-OPD-titre-site-1-768x176.jpg 768w, https:\/\/odp.design\/wp-content\/uploads\/2024\/09\/bloc-OPD-titre-site-1-1536x352.jpg 1536w, https:\/\/odp.design\/wp-content\/uploads\/2024\/09\/bloc-OPD-titre-site-1.jpg 1684w\" sizes=\"auto, (max-width: 1024px) 100vw, 1024px\" \/><\/figure>\n\n\n\n<figure class=\"wp-block-gallery has-nested-images columns-default is-cropped wp-block-gallery-1 is-layout-flex wp-block-gallery-is-layout-flex\">\n<figure class=\"wp-block-image size-large\"><img loading=\"lazy\" decoding=\"async\" width=\"800\" height=\"600\" data-id=\"2098\" src=\"http:\/\/odp.design\/wp-content\/uploads\/2022\/02\/dc8b6e26-038e-f873-ef4c-09a0bc3ec643.jpg\" alt=\"\" class=\"wp-image-2098\" srcset=\"https:\/\/odp.design\/wp-content\/uploads\/2022\/02\/dc8b6e26-038e-f873-ef4c-09a0bc3ec643.jpg 800w, https:\/\/odp.design\/wp-content\/uploads\/2022\/02\/dc8b6e26-038e-f873-ef4c-09a0bc3ec643-300x225.jpg 300w, https:\/\/odp.design\/wp-content\/uploads\/2022\/02\/dc8b6e26-038e-f873-ef4c-09a0bc3ec643-768x576.jpg 768w\" sizes=\"auto, (max-width: 800px) 100vw, 800px\" \/><\/figure>\n\n\n\n<figure class=\"wp-block-image size-large\"><img loading=\"lazy\" decoding=\"async\" width=\"800\" height=\"600\" data-id=\"2097\" src=\"http:\/\/odp.design\/wp-content\/uploads\/2022\/02\/a1dcd935-0cb8-d7f4-57e4-bcf764ab6bfd.jpg\" alt=\"\" class=\"wp-image-2097\" srcset=\"https:\/\/odp.design\/wp-content\/uploads\/2022\/02\/a1dcd935-0cb8-d7f4-57e4-bcf764ab6bfd.jpg 800w, https:\/\/odp.design\/wp-content\/uploads\/2022\/02\/a1dcd935-0cb8-d7f4-57e4-bcf764ab6bfd-300x225.jpg 300w, https:\/\/odp.design\/wp-content\/uploads\/2022\/02\/a1dcd935-0cb8-d7f4-57e4-bcf764ab6bfd-768x576.jpg 768w\" sizes=\"auto, (max-width: 800px) 100vw, 800px\" \/><\/figure>\n\n\n\n<figure class=\"wp-block-image size-large\"><img loading=\"lazy\" decoding=\"async\" width=\"800\" height=\"600\" data-id=\"2096\" src=\"http:\/\/odp.design\/wp-content\/uploads\/2022\/02\/835315d7-c5c1-5831-804f-dbcc0c370b90.jpg\" alt=\"\" class=\"wp-image-2096\" srcset=\"https:\/\/odp.design\/wp-content\/uploads\/2022\/02\/835315d7-c5c1-5831-804f-dbcc0c370b90.jpg 800w, https:\/\/odp.design\/wp-content\/uploads\/2022\/02\/835315d7-c5c1-5831-804f-dbcc0c370b90-300x225.jpg 300w, https:\/\/odp.design\/wp-content\/uploads\/2022\/02\/835315d7-c5c1-5831-804f-dbcc0c370b90-768x576.jpg 768w\" sizes=\"auto, (max-width: 800px) 100vw, 800px\" \/><\/figure>\n\n\n\n<figure class=\"wp-block-image size-large\"><img loading=\"lazy\" decoding=\"async\" width=\"800\" height=\"600\" data-id=\"2095\" src=\"http:\/\/odp.design\/wp-content\/uploads\/2022\/02\/256ee48e-2b55-7478-e8b5-b77bfd38aac1.jpg\" alt=\"\" class=\"wp-image-2095\" srcset=\"https:\/\/odp.design\/wp-content\/uploads\/2022\/02\/256ee48e-2b55-7478-e8b5-b77bfd38aac1.jpg 800w, https:\/\/odp.design\/wp-content\/uploads\/2022\/02\/256ee48e-2b55-7478-e8b5-b77bfd38aac1-300x225.jpg 300w, https:\/\/odp.design\/wp-content\/uploads\/2022\/02\/256ee48e-2b55-7478-e8b5-b77bfd38aac1-768x576.jpg 768w\" sizes=\"auto, (max-width: 800px) 100vw, 800px\" \/><\/figure>\n\n\n\n<figure class=\"wp-block-image size-large\"><img loading=\"lazy\" decoding=\"async\" width=\"800\" height=\"600\" data-id=\"2094\" src=\"http:\/\/odp.design\/wp-content\/uploads\/2022\/02\/82e0d96a-8fd3-6952-4637-fc38b7084975.jpg\" alt=\"\" class=\"wp-image-2094\" srcset=\"https:\/\/odp.design\/wp-content\/uploads\/2022\/02\/82e0d96a-8fd3-6952-4637-fc38b7084975.jpg 800w, https:\/\/odp.design\/wp-content\/uploads\/2022\/02\/82e0d96a-8fd3-6952-4637-fc38b7084975-300x225.jpg 300w, https:\/\/odp.design\/wp-content\/uploads\/2022\/02\/82e0d96a-8fd3-6952-4637-fc38b7084975-768x576.jpg 768w\" sizes=\"auto, (max-width: 800px) 100vw, 800px\" \/><\/figure>\n\n\n\n<figure class=\"wp-block-image size-large\"><img loading=\"lazy\" decoding=\"async\" width=\"800\" height=\"600\" data-id=\"2093\" src=\"http:\/\/odp.design\/wp-content\/uploads\/2022\/02\/00fda330-ffc4-539d-e241-5f1b4a715d0e.jpg\" alt=\"\" class=\"wp-image-2093\" srcset=\"https:\/\/odp.design\/wp-content\/uploads\/2022\/02\/00fda330-ffc4-539d-e241-5f1b4a715d0e.jpg 800w, https:\/\/odp.design\/wp-content\/uploads\/2022\/02\/00fda330-ffc4-539d-e241-5f1b4a715d0e-300x225.jpg 300w, https:\/\/odp.design\/wp-content\/uploads\/2022\/02\/00fda330-ffc4-539d-e241-5f1b4a715d0e-768x576.jpg 768w\" sizes=\"auto, (max-width: 800px) 100vw, 800px\" \/><\/figure>\n\n\n\n<figure class=\"wp-block-image size-large\"><img loading=\"lazy\" decoding=\"async\" width=\"800\" height=\"600\" data-id=\"2086\" src=\"http:\/\/odp.design\/wp-content\/uploads\/2022\/02\/cf860940-a1dc-a5e9-052a-875149bee63b.jpg\" alt=\"\" class=\"wp-image-2086\" srcset=\"https:\/\/odp.design\/wp-content\/uploads\/2022\/02\/cf860940-a1dc-a5e9-052a-875149bee63b.jpg 800w, https:\/\/odp.design\/wp-content\/uploads\/2022\/02\/cf860940-a1dc-a5e9-052a-875149bee63b-300x225.jpg 300w, https:\/\/odp.design\/wp-content\/uploads\/2022\/02\/cf860940-a1dc-a5e9-052a-875149bee63b-768x576.jpg 768w\" sizes=\"auto, (max-width: 800px) 100vw, 800px\" \/><\/figure>\n\n\n\n<figure class=\"wp-block-image size-large\"><img loading=\"lazy\" decoding=\"async\" width=\"800\" height=\"600\" data-id=\"2085\" src=\"http:\/\/odp.design\/wp-content\/uploads\/2022\/02\/21785fe9-3fb8-fca2-9a43-3a192a4f09f2.jpg\" alt=\"\" class=\"wp-image-2085\" srcset=\"https:\/\/odp.design\/wp-content\/uploads\/2022\/02\/21785fe9-3fb8-fca2-9a43-3a192a4f09f2.jpg 800w, https:\/\/odp.design\/wp-content\/uploads\/2022\/02\/21785fe9-3fb8-fca2-9a43-3a192a4f09f2-300x225.jpg 300w, https:\/\/odp.design\/wp-content\/uploads\/2022\/02\/21785fe9-3fb8-fca2-9a43-3a192a4f09f2-768x576.jpg 768w\" sizes=\"auto, (max-width: 800px) 100vw, 800px\" \/><\/figure>\n\n\n\n<figure class=\"wp-block-image size-large\"><img loading=\"lazy\" decoding=\"async\" width=\"800\" height=\"600\" data-id=\"2084\" src=\"http:\/\/odp.design\/wp-content\/uploads\/2022\/02\/75be1a1b-f54c-a253-3aca-2d67399dbf99.jpg\" alt=\"\" class=\"wp-image-2084\" srcset=\"https:\/\/odp.design\/wp-content\/uploads\/2022\/02\/75be1a1b-f54c-a253-3aca-2d67399dbf99.jpg 800w, https:\/\/odp.design\/wp-content\/uploads\/2022\/02\/75be1a1b-f54c-a253-3aca-2d67399dbf99-300x225.jpg 300w, https:\/\/odp.design\/wp-content\/uploads\/2022\/02\/75be1a1b-f54c-a253-3aca-2d67399dbf99-768x576.jpg 768w\" sizes=\"auto, (max-width: 800px) 100vw, 800px\" \/><\/figure>\n\n\n\n<figure class=\"wp-block-image size-large\"><img loading=\"lazy\" decoding=\"async\" width=\"800\" height=\"600\" data-id=\"2083\" src=\"http:\/\/odp.design\/wp-content\/uploads\/2022\/02\/0bbad0c1-cfcd-be77-c3fb-9a412ad965d9.jpg\" alt=\"\" class=\"wp-image-2083\" srcset=\"https:\/\/odp.design\/wp-content\/uploads\/2022\/02\/0bbad0c1-cfcd-be77-c3fb-9a412ad965d9.jpg 800w, https:\/\/odp.design\/wp-content\/uploads\/2022\/02\/0bbad0c1-cfcd-be77-c3fb-9a412ad965d9-300x225.jpg 300w, https:\/\/odp.design\/wp-content\/uploads\/2022\/02\/0bbad0c1-cfcd-be77-c3fb-9a412ad965d9-768x576.jpg 768w\" sizes=\"auto, (max-width: 800px) 100vw, 800px\" \/><\/figure>\n\n\n\n<figure class=\"wp-block-image size-large\"><img loading=\"lazy\" decoding=\"async\" width=\"800\" height=\"600\" data-id=\"2082\" src=\"http:\/\/odp.design\/wp-content\/uploads\/2022\/02\/29f55aee-2944-b05c-2037-9a134a6d1e79.jpg\" alt=\"\" class=\"wp-image-2082\" srcset=\"https:\/\/odp.design\/wp-content\/uploads\/2022\/02\/29f55aee-2944-b05c-2037-9a134a6d1e79.jpg 800w, https:\/\/odp.design\/wp-content\/uploads\/2022\/02\/29f55aee-2944-b05c-2037-9a134a6d1e79-300x225.jpg 300w, https:\/\/odp.design\/wp-content\/uploads\/2022\/02\/29f55aee-2944-b05c-2037-9a134a6d1e79-768x576.jpg 768w\" sizes=\"auto, (max-width: 800px) 100vw, 800px\" \/><\/figure>\n\n\n\n<figure class=\"wp-block-image size-large\"><img loading=\"lazy\" decoding=\"async\" width=\"800\" height=\"600\" data-id=\"2081\" src=\"http:\/\/odp.design\/wp-content\/uploads\/2022\/02\/5eb06853-1ed3-03c4-49e9-85cc18652f81.jpg\" alt=\"\" class=\"wp-image-2081\" srcset=\"https:\/\/odp.design\/wp-content\/uploads\/2022\/02\/5eb06853-1ed3-03c4-49e9-85cc18652f81.jpg 800w, https:\/\/odp.design\/wp-content\/uploads\/2022\/02\/5eb06853-1ed3-03c4-49e9-85cc18652f81-300x225.jpg 300w, https:\/\/odp.design\/wp-content\/uploads\/2022\/02\/5eb06853-1ed3-03c4-49e9-85cc18652f81-768x576.jpg 768w\" sizes=\"auto, (max-width: 800px) 100vw, 800px\" \/><\/figure>\n<\/figure>\n\n\n\n<p><\/p>\n\n\n\n<p>\u00c0 l\u2019origine de l\u2019ODP, Sandra Biaggi, designer \u00e9rudite et sensible. <\/p>\n\n\n\n<p>Son acuit\u00e9 \u00e0 rep\u00e9rer les objets singuliers en font une curatrice recherch\u00e9e. De New York \u00e0 Milan, Stockholm ou Mexico, elle voit juste et loin, pour raconter avec humour et fulgurance les nouveaux courants et les grands cr\u00e9ateurs de demain.<\/p>\n\n\n\n<p>Investie dans la promotion du design, elle collabore avec diff\u00e9rents m\u00e9dias du design et organise les d\u00eeners&nbsp;de mise en relation&nbsp;<strong>LinkEat &#8211;&nbsp;<em>nourrir nos liens<\/em><\/strong>, pour connecter les cr\u00e9ateurs aux porteurs de projets.<\/p>\n\n\n\n<hr class=\"wp-block-separator has-alpha-channel-opacity is-style-dots\"\/>\n\n\n\n<p style=\"font-size:15px\">&#8211; Dipl\u00f4m\u00e9e de l\u2019\u00c9cole Nationale Sup\u00e9rieure des Arts D\u00e9coratifs de Paris, Sandra Biaggi int\u00e8gre en 2001 l\u2019agence PrinzDesign &#8211; architecture int\u00e9rieure\/retail &#8211; comme Directrice Artistique.&nbsp;Designer d\u2019environnement, elle collabore depuis 2003 avec des agences de design global et les architectes.<\/p>\n\n\n\n<p style=\"font-size:15px\">&#8211; En 2014, elle est au c\u0153ur de l\u2019organisation des \u00ab\u00a0Capsules du Design\u00a0\u00bb pour l\u2019association D\u2019Days \u00e0 la Cit\u00e9 de la Mode et du Design et cr\u00e9e les outils de communication pour une nouvelle marque d&rsquo;artisanat d&rsquo;art, Lina del Carmen.&nbsp;<\/p>\n\n\n\n<p style=\"font-size:15px\">&#8211; En charge de la Production des expositions culturelles \u00e0 la&nbsp;Cit\u00e9 de la Mode et du Design (2015\/2019), elle a \u00e9galement organis\u00e9 le Forum Design Mode d\u2019Emploi (DMDE &#8211; d\u00e9c. 2018) pour l\u2019APCI (Agence pour la promotion du design) comme charg\u00e9e de projets &amp; relations internationales.<\/p>\n\n\n\n<p style=\"font-size:15px\">&#8211; Sc\u00e9nographe de l\u2019\u00e9v\u00e9nement port\u00e9 par le magazine Architectures \u00c0 Vivre, Design Network \u00e0 l\u2019Ambassade d\u2019Espagne \u00e0 Paris depuis 2021.&nbsp;<\/p>\n\n\n\n<p style=\"font-size:15px\">&#8211; Enseignante en m\u00e9thodologie du design depuis 2019 (Esam &#8211; Paris \/ Acad\u00e9mie Charpentier &#8211; Paris) .<\/p>\n","protected":false},"excerpt":{"rendered":"<p>\u00c0 l\u2019origine de l\u2019ODP, Sandra Biaggi, designer \u00e9rudite et sensible. Son acuit\u00e9 \u00e0 rep\u00e9rer les objets singuliers en font une curatrice recherch\u00e9e. De New York \u00e0 Milan, Stockholm ou Mexico, elle voit juste et loin, pour raconter avec humour et fulgurance les nouveaux courants et les grands cr\u00e9ateurs de demain. Investie dans la promotion du [&hellip;]<\/p>\n","protected":false},"author":1,"featured_media":0,"parent":0,"menu_order":0,"comment_status":"closed","ping_status":"closed","template":"","meta":{"footnotes":""},"class_list":["post-641","page","type-page","status-publish","hentry"],"_links":{"self":[{"href":"https:\/\/odp.design\/index.php?rest_route=\/wp\/v2\/pages\/641","targetHints":{"allow":["GET"]}}],"collection":[{"href":"https:\/\/odp.design\/index.php?rest_route=\/wp\/v2\/pages"}],"about":[{"href":"https:\/\/odp.design\/index.php?rest_route=\/wp\/v2\/types\/page"}],"author":[{"embeddable":true,"href":"https:\/\/odp.design\/index.php?rest_route=\/wp\/v2\/users\/1"}],"replies":[{"embeddable":true,"href":"https:\/\/odp.design\/index.php?rest_route=%2Fwp%2Fv2%2Fcomments&post=641"}],"version-history":[{"count":95,"href":"https:\/\/odp.design\/index.php?rest_route=\/wp\/v2\/pages\/641\/revisions"}],"predecessor-version":[{"id":2560,"href":"https:\/\/odp.design\/index.php?rest_route=\/wp\/v2\/pages\/641\/revisions\/2560"}],"wp:attachment":[{"href":"https:\/\/odp.design\/index.php?rest_route=%2Fwp%2Fv2%2Fmedia&parent=641"}],"curies":[{"name":"wp","href":"https:\/\/api.w.org\/{rel}","templated":true}]}}